{"id":14164,"date":"2024-05-17T08:18:55","date_gmt":"2024-05-17T08:18:55","guid":{"rendered":"https:\/\/magiclear-me.com\/lb\/?post_type=product&#038;p=14164"},"modified":"2024-07-16T08:48:25","modified_gmt":"2024-07-16T08:48:25","slug":"duo-solar-invisible-tinted","status":"publish","type":"product","link":"https:\/\/magiclear-me.com\/lb\/fr\/produit\/duo-solar-invisible-tinted\/","title":{"rendered":"Duo Solaire - Invisible et tint\u00e9"},"content":{"rendered":"<p>R\u00e9sultats :<br \/>\nStimule la r\u00e9g\u00e9n\u00e9ration cellulaire. Maintient l'hydratation. A des effets anti-\u00e2ge et anti-radicaux libres.<\/p>\n<p>Ingr\u00e9dients<\/p>\n<p>Acide Salicylique<br \/>\nAcide Octad\u00e9c\u00e8nedio\u00efque<br \/>\nHPPA<br \/>\nVitamines B3 et C<br \/>\nExtraits de r\u00e9glisse et du beurre de karit\u00e9.<br \/>\nMode d'utilisation :<br \/>\nNettoyer et exfolier au Savon Clarifiant Exfoliant, puis appliquer une ou deux fois par jour par un massage revigorant.<\/p>","protected":false},"excerpt":{"rendered":"<p>Magiclear - Cr\u00e8me solaire haute protection SPF 50+ est r\u00e9sistante \u00e0 l'eau et assure une protection optimale de la peau (invisible + teint\u00e9e).<\/p>","protected":false},"featured_media":14234,"comment_status":"open","ping_status":"closed","template":"","meta":{"_acf_changed":false,"_monsterinsights_skip_tracking":false,"_monsterinsights_sitenote_active":false,"_monsterinsights_sitenote_note":"","_monsterinsights_sitenote_category":0},"product_brand":[],"product_cat":[1069],"product_tag":[],"class_list":{"0":"post-14164","1":"product","2":"type-product","3":"status-publish","4":"has-post-thumbnail","6":"product_cat-offers-en","8":"first","9":"outofstock","10":"featured","11":"shipping-taxable","12":"purchasable","13":"product-type-simple"},"acf":[],"_links":{"self":[{"href":"https:\/\/magiclear-me.com\/lb\/fr\/wp-json\/wp\/v2\/product\/14164","targetHints":{"allow":["GET"]}}],"collection":[{"href":"https:\/\/magiclear-me.com\/lb\/fr\/wp-json\/wp\/v2\/product"}],"about":[{"href":"https:\/\/magiclear-me.com\/lb\/fr\/wp-json\/wp\/v2\/types\/product"}],"replies":[{"embeddable":true,"href":"https:\/\/magiclear-me.com\/lb\/fr\/wp-json\/wp\/v2\/comments?post=14164"}],"wp:featuredmedia":[{"embeddable":true,"href":"https:\/\/magiclear-me.com\/lb\/fr\/wp-json\/wp\/v2\/media\/14234"}],"wp:attachment":[{"href":"https:\/\/magiclear-me.com\/lb\/fr\/wp-json\/wp\/v2\/media?parent=14164"}],"wp:term":[{"taxonomy":"product_brand","embeddable":true,"href":"https:\/\/magiclear-me.com\/lb\/fr\/wp-json\/wp\/v2\/product_brand?post=14164"},{"taxonomy":"product_cat","embeddable":true,"href":"https:\/\/magiclear-me.com\/lb\/fr\/wp-json\/wp\/v2\/product_cat?post=14164"},{"taxonomy":"product_tag","embeddable":true,"href":"https:\/\/magiclear-me.com\/lb\/fr\/wp-json\/wp\/v2\/product_tag?post=14164"}],"curies":[{"name":"wp","href":"https:\/\/api.w.org\/{rel}","templated":true}]}}