{"id":14162,"date":"2024-05-17T08:18:55","date_gmt":"2024-05-17T08:18:55","guid":{"rendered":"https:\/\/magiclear-me.com\/lb\/?post_type=product&#038;p=14162"},"modified":"2024-08-08T09:34:48","modified_gmt":"2024-08-08T09:34:48","slug":"duo-day-and-night-creams","status":"publish","type":"product","link":"https:\/\/magiclear-me.com\/lb\/fr\/produit\/duo-day-and-night-creams\/","title":{"rendered":"DUO \u2013 Cr\u00e8mes Jour et Nuit"},"content":{"rendered":"<p>R\u00e9sultats :<br \/>\nLa cr\u00e8me Magiclear Duo Jour + Nuit est formul\u00e9e \u00e0 partir d'un complexe d'ingr\u00e9dients actifs sp\u00e9cialement d\u00e9velopp\u00e9. Elle prot\u00e8ge contre les rayons solaires nocifs, hydrate en profondeur, unifie le teint, r\u00e9g\u00e9n\u00e8re, combat les radicaux libres et stimule la synth\u00e8se du collag\u00e8ne. Elle aide votre peau \u00e0 se remettre des agressions quotidiennes de l'environnement tout en pr\u00e9servant son \u00e9quilibre naturel en mati\u00e8re d'hydratation.<\/p>\n<p>Mode d'utilisation :<br \/>\nUtilisez les deux produits pour de meilleurs r\u00e9sultats !<\/p>","protected":false},"excerpt":{"rendered":"<p>La combinaison parfaite de produits qui garantit une PEAU RADIANTE.<\/p>","protected":false},"featured_media":14230,"comment_status":"open","ping_status":"closed","template":"","meta":{"_acf_changed":false,"_monsterinsights_skip_tracking":false,"_monsterinsights_sitenote_active":false,"_monsterinsights_sitenote_note":"","_monsterinsights_sitenote_category":0},"product_brand":[],"product_cat":[773,967,1069],"product_tag":[582,583,585,586,584,566,1027,1037,1029,522,565,587,1024,563],"class_list":{"0":"post-14162","1":"product","2":"type-product","3":"status-publish","4":"has-post-thumbnail","6":"product_cat-anti-ageing","7":"product_cat-face-en","8":"product_cat-offers-en","9":"product_tag-anti-age","10":"product_tag-anti-radicalaires","11":"product_tag-anti-rides","12":"product_tag-antioxydantes","13":"product_tag-antirides","14":"product_tag-clarifiant","15":"product_tag-creme-anti-rides-en","16":"product_tag-creme-de-nuit-en","17":"product_tag-creme-eclaircissante-en","18":"product_tag-creme-hydratante","19":"product_tag-magiclear","20":"product_tag-raffermissant","21":"product_tag-regeneration-cellulaire-en","22":"product_tag-renouvellement-cellulaire","24":"first","25":"outofstock","26":"featured","27":"shipping-taxable","28":"purchasable","29":"product-type-simple"},"acf":[],"_links":{"self":[{"href":"https:\/\/magiclear-me.com\/lb\/fr\/wp-json\/wp\/v2\/product\/14162","targetHints":{"allow":["GET"]}}],"collection":[{"href":"https:\/\/magiclear-me.com\/lb\/fr\/wp-json\/wp\/v2\/product"}],"about":[{"href":"https:\/\/magiclear-me.com\/lb\/fr\/wp-json\/wp\/v2\/types\/product"}],"replies":[{"embeddable":true,"href":"https:\/\/magiclear-me.com\/lb\/fr\/wp-json\/wp\/v2\/comments?post=14162"}],"wp:featuredmedia":[{"embeddable":true,"href":"https:\/\/magiclear-me.com\/lb\/fr\/wp-json\/wp\/v2\/media\/14230"}],"wp:attachment":[{"href":"https:\/\/magiclear-me.com\/lb\/fr\/wp-json\/wp\/v2\/media?parent=14162"}],"wp:term":[{"taxonomy":"product_brand","embeddable":true,"href":"https:\/\/magiclear-me.com\/lb\/fr\/wp-json\/wp\/v2\/product_brand?post=14162"},{"taxonomy":"product_cat","embeddable":true,"href":"https:\/\/magiclear-me.com\/lb\/fr\/wp-json\/wp\/v2\/product_cat?post=14162"},{"taxonomy":"product_tag","embeddable":true,"href":"https:\/\/magiclear-me.com\/lb\/fr\/wp-json\/wp\/v2\/product_tag?post=14162"}],"curies":[{"name":"wp","href":"https:\/\/api.w.org\/{rel}","templated":true}]}}