{"id":14156,"date":"2024-05-17T08:18:54","date_gmt":"2024-05-17T08:18:54","guid":{"rendered":"https:\/\/magiclear-me.com\/lb\/?post_type=product&#038;p=14156"},"modified":"2024-07-15T12:29:52","modified_gmt":"2024-07-15T12:29:52","slug":"bacticlean-spray","status":"publish","type":"product","link":"https:\/\/magiclear-me.com\/lb\/fr\/produit\/bacticlean-spray\/","title":{"rendered":"Bacticlean Spray D\u00e9sinfectant"},"content":{"rendered":"<p class=\" translation-block\">TUE 99,9 % DES GERMES. Alcool \u00e9thylique : Neutralise toutes sortes de micro-organismes (bact\u00e9ries, champignons, levures, virus). Le gel d\u00e9sinfectant pour les mains Bacticlean est la solution id\u00e9ale si vous souhaitez prot\u00e9ger vos mains. Il offre une excellente couverture et tue 99,9 % des germes.<\/p>\n<p>Ingr\u00e9dients<br \/>\nUtiliser une quantit\u00e9 suffisante afin que les mains restent humides au moins.<\/p>\n<p>Mode d'utilisation :<br \/>\nAlcool Ethylique: Neutralise toutes sortes de micro-organismes (bact\u00e9ries, champignons, levures, virus)\n\nGlyc\u00e9rine V\u00e9g\u00e9tale: Evite la d\u00e9shydratation de la peau.<\/p>","protected":false},"excerpt":{"rendered":"<p class=\" translation-block\">Ce spray neutralise toutes sortes de micro-organismes (bact\u00e9ries, champignons, levures, virus) sans d\u00e9shydrater le peau.<\/p>","protected":false},"featured_media":14215,"comment_status":"closed","ping_status":"closed","template":"","meta":{"_acf_changed":false,"_monsterinsights_skip_tracking":false,"_monsterinsights_sitenote_active":false,"_monsterinsights_sitenote_note":"","_monsterinsights_sitenote_category":0},"product_brand":[],"product_cat":[1071],"product_tag":[],"class_list":{"0":"post-14156","1":"product","2":"type-product","3":"status-publish","4":"has-post-thumbnail","6":"product_cat-hands-en","8":"first","9":"outofstock","10":"shipping-taxable","11":"purchasable","12":"product-type-simple"},"acf":[],"_links":{"self":[{"href":"https:\/\/magiclear-me.com\/lb\/fr\/wp-json\/wp\/v2\/product\/14156","targetHints":{"allow":["GET"]}}],"collection":[{"href":"https:\/\/magiclear-me.com\/lb\/fr\/wp-json\/wp\/v2\/product"}],"about":[{"href":"https:\/\/magiclear-me.com\/lb\/fr\/wp-json\/wp\/v2\/types\/product"}],"replies":[{"embeddable":true,"href":"https:\/\/magiclear-me.com\/lb\/fr\/wp-json\/wp\/v2\/comments?post=14156"}],"wp:featuredmedia":[{"embeddable":true,"href":"https:\/\/magiclear-me.com\/lb\/fr\/wp-json\/wp\/v2\/media\/14215"}],"wp:attachment":[{"href":"https:\/\/magiclear-me.com\/lb\/fr\/wp-json\/wp\/v2\/media?parent=14156"}],"wp:term":[{"taxonomy":"product_brand","embeddable":true,"href":"https:\/\/magiclear-me.com\/lb\/fr\/wp-json\/wp\/v2\/product_brand?post=14156"},{"taxonomy":"product_cat","embeddable":true,"href":"https:\/\/magiclear-me.com\/lb\/fr\/wp-json\/wp\/v2\/product_cat?post=14156"},{"taxonomy":"product_tag","embeddable":true,"href":"https:\/\/magiclear-me.com\/lb\/fr\/wp-json\/wp\/v2\/product_tag?post=14156"}],"curies":[{"name":"wp","href":"https:\/\/api.w.org\/{rel}","templated":true}]}}