{"id":14155,"date":"2024-05-17T08:18:54","date_gmt":"2024-05-17T08:18:54","guid":{"rendered":"https:\/\/magiclear-me.com\/lb\/?post_type=product&#038;p=14155"},"modified":"2024-07-15T12:30:02","modified_gmt":"2024-07-15T12:30:02","slug":"bacticream","status":"publish","type":"product","link":"https:\/\/magiclear-me.com\/lb\/fr\/produit\/bacticream\/","title":{"rendered":"Bacticream Cr\u00e8me"},"content":{"rendered":"<p>R\u00e9sultats :<br \/>\nBACTICREAM vous permet de retrouver une peau hydrat\u00e9e, lisse et douce.\nD\u2019une part, elle hydrate et r\u00e9g\u00e9n\u00e8re la peau de vos mains ; et d'autre part elle a une action antiseptique douce.<\/p>\n<p>Mode d'utilisation :<br \/>\nAppliquer Bacticream apr\u00e8s s'\u00eatre lav\u00e9 ou d\u00e9sinfect\u00e9 les mains.<\/p>","protected":false},"excerpt":{"rendered":"<p>Promeut l'hydratation des mains tout en pr\u00e9servant la protection anti-bact\u00e9rienne.<\/p>","protected":false},"featured_media":14212,"comment_status":"open","ping_status":"closed","template":"","meta":{"_acf_changed":false,"_monsterinsights_skip_tracking":false,"_monsterinsights_sitenote_active":false,"_monsterinsights_sitenote_note":"","_monsterinsights_sitenote_category":0},"product_brand":[],"product_cat":[1005,1071,1075],"product_tag":[],"class_list":{"0":"post-14155","1":"product","2":"type-product","3":"status-publish","4":"has-post-thumbnail","6":"product_cat-best-seller-2-en","7":"product_cat-hands-en","8":"product_cat-spray-disinfectant-en","10":"first","11":"outofstock","12":"shipping-taxable","13":"purchasable","14":"product-type-simple"},"acf":[],"_links":{"self":[{"href":"https:\/\/magiclear-me.com\/lb\/fr\/wp-json\/wp\/v2\/product\/14155","targetHints":{"allow":["GET"]}}],"collection":[{"href":"https:\/\/magiclear-me.com\/lb\/fr\/wp-json\/wp\/v2\/product"}],"about":[{"href":"https:\/\/magiclear-me.com\/lb\/fr\/wp-json\/wp\/v2\/types\/product"}],"replies":[{"embeddable":true,"href":"https:\/\/magiclear-me.com\/lb\/fr\/wp-json\/wp\/v2\/comments?post=14155"}],"wp:featuredmedia":[{"embeddable":true,"href":"https:\/\/magiclear-me.com\/lb\/fr\/wp-json\/wp\/v2\/media\/14212"}],"wp:attachment":[{"href":"https:\/\/magiclear-me.com\/lb\/fr\/wp-json\/wp\/v2\/media?parent=14155"}],"wp:term":[{"taxonomy":"product_brand","embeddable":true,"href":"https:\/\/magiclear-me.com\/lb\/fr\/wp-json\/wp\/v2\/product_brand?post=14155"},{"taxonomy":"product_cat","embeddable":true,"href":"https:\/\/magiclear-me.com\/lb\/fr\/wp-json\/wp\/v2\/product_cat?post=14155"},{"taxonomy":"product_tag","embeddable":true,"href":"https:\/\/magiclear-me.com\/lb\/fr\/wp-json\/wp\/v2\/product_tag?post=14155"}],"curies":[{"name":"wp","href":"https:\/\/api.w.org\/{rel}","templated":true}]}}