{"id":14152,"date":"2024-05-17T08:18:53","date_gmt":"2024-05-17T08:18:53","guid":{"rendered":"https:\/\/magiclear-me.com\/lb\/?post_type=product&#038;p=14152"},"modified":"2024-08-08T09:31:56","modified_gmt":"2024-08-08T09:31:56","slug":"high-protection-sun-cream-spf50-tinted","status":"publish","type":"product","link":"https:\/\/magiclear-me.com\/lb\/fr\/produit\/high-protection-sun-cream-spf50-tinted\/","title":{"rendered":"Cr\u00e8me Solaire Tr\u00e8s Haute Protection Teint\u00e9e SPF 50+ PA+++"},"content":{"rendered":"<p>R\u00e9sultats :<br \/>\nStimule la r\u00e9g\u00e9n\u00e9ration cellulaire. Maintient l'hydratation. A des effets anti-\u00e2ge et anti-radicaux libres.<\/p>\n<p>Ingr\u00e9dients<\/p>\n<p>Filtres UVA\/UVB<br \/>\nProvitamine B5<br \/>\nVitamines E<br \/>\nExtrait de th\u00e9 vert<br \/>\nMode d'utilisation :<br \/>\n\u00c0 appliquer fr\u00e9quemment lors d'une exposition au soleil prolong\u00e9e.<\/p>","protected":false},"excerpt":{"rendered":"<p class=\" translation-block\">MAGICLEAR - Cr\u00e8me Solaire TEINTEE SPF 50+ PA+++ r\u00e9sistante \u00e0 l'eau assure une protection optimale \u00e0 la peau, illumine le teint et donne un effet \"bonne mine\".<\/p>","protected":false},"featured_media":14200,"comment_status":"open","ping_status":"closed","template":"","meta":{"_acf_changed":false,"_monsterinsights_skip_tracking":false,"_monsterinsights_sitenote_active":false,"_monsterinsights_sitenote_note":"","_monsterinsights_sitenote_category":0},"product_brand":[],"product_cat":[1054,1063],"product_tag":[582,583,1060,1065,565,1031,1024,563,1033,1035],"class_list":{"0":"post-14152","1":"product","2":"type-product","3":"status-publish","4":"has-post-thumbnail","6":"product_cat-solar-en","7":"product_cat-tinted-en","8":"product_tag-anti-age","9":"product_tag-anti-radicalaires","10":"product_tag-creme-solaire-haute-protection-en","11":"product_tag-creme-solaire-teintee-en","12":"product_tag-magiclear","13":"product_tag-protection-solaire-en","14":"product_tag-regeneration-cellulaire-en","15":"product_tag-renouvellement-cellulaire","16":"product_tag-uva-en","17":"product_tag-uvb-en","19":"first","20":"instock","21":"shipping-taxable","22":"purchasable","23":"product-type-simple"},"acf":[],"_links":{"self":[{"href":"https:\/\/magiclear-me.com\/lb\/fr\/wp-json\/wp\/v2\/product\/14152","targetHints":{"allow":["GET"]}}],"collection":[{"href":"https:\/\/magiclear-me.com\/lb\/fr\/wp-json\/wp\/v2\/product"}],"about":[{"href":"https:\/\/magiclear-me.com\/lb\/fr\/wp-json\/wp\/v2\/types\/product"}],"replies":[{"embeddable":true,"href":"https:\/\/magiclear-me.com\/lb\/fr\/wp-json\/wp\/v2\/comments?post=14152"}],"wp:featuredmedia":[{"embeddable":true,"href":"https:\/\/magiclear-me.com\/lb\/fr\/wp-json\/wp\/v2\/media\/14200"}],"wp:attachment":[{"href":"https:\/\/magiclear-me.com\/lb\/fr\/wp-json\/wp\/v2\/media?parent=14152"}],"wp:term":[{"taxonomy":"product_brand","embeddable":true,"href":"https:\/\/magiclear-me.com\/lb\/fr\/wp-json\/wp\/v2\/product_brand?post=14152"},{"taxonomy":"product_cat","embeddable":true,"href":"https:\/\/magiclear-me.com\/lb\/fr\/wp-json\/wp\/v2\/product_cat?post=14152"},{"taxonomy":"product_tag","embeddable":true,"href":"https:\/\/magiclear-me.com\/lb\/fr\/wp-json\/wp\/v2\/product_tag?post=14152"}],"curies":[{"name":"wp","href":"https:\/\/api.w.org\/{rel}","templated":true}]}}