{"id":14150,"date":"2024-05-17T08:18:53","date_gmt":"2024-05-17T08:18:53","guid":{"rendered":"https:\/\/magiclear-me.com\/lb\/?post_type=product&#038;p=14150"},"modified":"2024-07-15T13:18:01","modified_gmt":"2024-07-15T13:18:01","slug":"clarifying-exfoliating-soap","status":"publish","type":"product","link":"https:\/\/magiclear-me.com\/lb\/fr\/produit\/clarifying-exfoliating-soap\/","title":{"rendered":"Savon Clarifiant Exfoliant"},"content":{"rendered":"<p>R\u00e9sultats :<br \/>\nLe Savon Exfoliant Clarifiant exfolie les cellules mortes, \u00e9limine en profondeur les impuret\u00e9s, stimule la cicatrisation, all\u00e8ge le renouvellement cellulaire, neutralise les odeurs corporelles et les bact\u00e9ries de la peau et lutte contre la d\u00e9shydratation de la peau.<\/p>\n<p>Ingr\u00e9dients<\/p>\n<p>Glycerine<br \/>\nPoudre de graine d'abricot<br \/>\nUn parfum correcteur d'odeur.<br \/>\nMode d'utilisation :<br \/>\nUtiliser matin et soir, suivi de la lotion clarifiante pour le corps Fast Action.<\/p>","protected":false},"excerpt":{"rendered":"<p class=\" translation-block\">MAGICLEAR - Savon Clarifiant Exfoliant \u00e9limine les cellules mortes et nettoie la peau en profondeur.<\/p>","protected":false},"featured_media":14193,"comment_status":"open","ping_status":"closed","template":"","meta":{"_acf_changed":false,"_monsterinsights_skip_tracking":false,"_monsterinsights_sitenote_active":false,"_monsterinsights_sitenote_note":"","_monsterinsights_sitenote_category":0},"product_brand":[],"product_cat":[1041,1052],"product_tag":[568,569,572,566,564,570,565,567,563],"class_list":{"0":"post-14150","1":"product","2":"type-product","3":"status-publish","4":"has-post-thumbnail","6":"product_cat-body-en","7":"product_cat-cleanse-en","8":"product_tag-acne","9":"product_tag-anti-inflammatoire","10":"product_tag-cicatrisant","11":"product_tag-clarifiant","12":"product_tag-eclaircissant","13":"product_tag-illuminer-les-teints-brouilles","14":"product_tag-magiclear","15":"product_tag-peaux-grasses","16":"product_tag-renouvellement-cellulaire","18":"first","19":"instock","20":"shipping-taxable","21":"purchasable","22":"product-type-simple"},"acf":[],"_links":{"self":[{"href":"https:\/\/magiclear-me.com\/lb\/fr\/wp-json\/wp\/v2\/product\/14150","targetHints":{"allow":["GET"]}}],"collection":[{"href":"https:\/\/magiclear-me.com\/lb\/fr\/wp-json\/wp\/v2\/product"}],"about":[{"href":"https:\/\/magiclear-me.com\/lb\/fr\/wp-json\/wp\/v2\/types\/product"}],"replies":[{"embeddable":true,"href":"https:\/\/magiclear-me.com\/lb\/fr\/wp-json\/wp\/v2\/comments?post=14150"}],"wp:featuredmedia":[{"embeddable":true,"href":"https:\/\/magiclear-me.com\/lb\/fr\/wp-json\/wp\/v2\/media\/14193"}],"wp:attachment":[{"href":"https:\/\/magiclear-me.com\/lb\/fr\/wp-json\/wp\/v2\/media?parent=14150"}],"wp:term":[{"taxonomy":"product_brand","embeddable":true,"href":"https:\/\/magiclear-me.com\/lb\/fr\/wp-json\/wp\/v2\/product_brand?post=14150"},{"taxonomy":"product_cat","embeddable":true,"href":"https:\/\/magiclear-me.com\/lb\/fr\/wp-json\/wp\/v2\/product_cat?post=14150"},{"taxonomy":"product_tag","embeddable":true,"href":"https:\/\/magiclear-me.com\/lb\/fr\/wp-json\/wp\/v2\/product_tag?post=14150"}],"curies":[{"name":"wp","href":"https:\/\/api.w.org\/{rel}","templated":true}]}}