{"id":14149,"date":"2024-05-17T08:18:53","date_gmt":"2024-05-17T08:18:53","guid":{"rendered":"https:\/\/magiclear-me.com\/lb\/?post_type=product&#038;p=14149"},"modified":"2024-07-29T12:09:28","modified_gmt":"2024-07-29T12:09:28","slug":"fast-action-clarifying-body-lotion","status":"publish","type":"product","link":"https:\/\/magiclear-me.com\/lb\/fr\/produit\/fast-action-clarifying-body-lotion\/","title":{"rendered":"Lotion Corporelle Clarifiante Action Rapide"},"content":{"rendered":"<p>R\u00e9sultats :<br \/>\nLa peau devient plus claire, plus douce et plus ferme.<\/p>\n<p>Ingr\u00e9dients<\/p>\n<p>Acide Salicylique<br \/>\nAcide Octad\u00e9c\u00e8nedio\u00efque<br \/>\nHPPA<br \/>\nVitamines B3 et C<br \/>\nExtraits de r\u00e9glisse et du beurre de karit\u00e9.<br \/>\nMode d'utilisation :<br \/>\nNettoyer et exfolier au Savon Clarifiant Exfoliant, puis appliquer une ou deux fois par jour par un massage revigorant.<\/p>","protected":false},"excerpt":{"rendered":"<p class=\" translation-block\">MAGICLEAR - Lotion Corporelle Clarifiante Action Rapide diminue visiblement la pigmentation et stimule la r\u00e9g\u00e9n\u00e9ration cellulaire.<\/p>","protected":false},"featured_media":14190,"comment_status":"open","ping_status":"closed","template":"","meta":{"_acf_changed":false,"_monsterinsights_skip_tracking":false,"_monsterinsights_sitenote_active":false,"_monsterinsights_sitenote_note":"","_monsterinsights_sitenote_category":0},"product_brand":[],"product_cat":[969,1041,1047,1043,1045],"product_tag":[576,573,566,564,1049,565,563],"class_list":{"0":"post-14149","1":"product","2":"type-product","3":"status-publish","4":"has-post-thumbnail","6":"product_cat-best-seller-en","7":"product_cat-body-en","8":"product_cat-clarify-and-mattify-en-body-en-2","9":"product_cat-clarify-and-mattify-en-body-en","10":"product_cat-hydrate-en","11":"product_tag-anti-spot","12":"product_tag-blanchissant","13":"product_tag-clarifiant","14":"product_tag-eclaircissant","15":"product_tag-lotion-eclaircissante-en","16":"product_tag-magiclear","17":"product_tag-renouvellement-cellulaire","19":"first","20":"instock","21":"shipping-taxable","22":"purchasable","23":"product-type-simple"},"acf":[],"_links":{"self":[{"href":"https:\/\/magiclear-me.com\/lb\/fr\/wp-json\/wp\/v2\/product\/14149","targetHints":{"allow":["GET"]}}],"collection":[{"href":"https:\/\/magiclear-me.com\/lb\/fr\/wp-json\/wp\/v2\/product"}],"about":[{"href":"https:\/\/magiclear-me.com\/lb\/fr\/wp-json\/wp\/v2\/types\/product"}],"replies":[{"embeddable":true,"href":"https:\/\/magiclear-me.com\/lb\/fr\/wp-json\/wp\/v2\/comments?post=14149"}],"wp:featuredmedia":[{"embeddable":true,"href":"https:\/\/magiclear-me.com\/lb\/fr\/wp-json\/wp\/v2\/media\/14190"}],"wp:attachment":[{"href":"https:\/\/magiclear-me.com\/lb\/fr\/wp-json\/wp\/v2\/media?parent=14149"}],"wp:term":[{"taxonomy":"product_brand","embeddable":true,"href":"https:\/\/magiclear-me.com\/lb\/fr\/wp-json\/wp\/v2\/product_brand?post=14149"},{"taxonomy":"product_cat","embeddable":true,"href":"https:\/\/magiclear-me.com\/lb\/fr\/wp-json\/wp\/v2\/product_cat?post=14149"},{"taxonomy":"product_tag","embeddable":true,"href":"https:\/\/magiclear-me.com\/lb\/fr\/wp-json\/wp\/v2\/product_tag?post=14149"}],"curies":[{"name":"wp","href":"https:\/\/api.w.org\/{rel}","templated":true}]}}