{"id":14148,"date":"2024-05-17T08:18:52","date_gmt":"2024-05-17T08:18:52","guid":{"rendered":"https:\/\/magiclear-me.com\/lb\/?post_type=product&#038;p=14148"},"modified":"2025-01-03T18:56:49","modified_gmt":"2025-01-03T18:56:49","slug":"firming-night-cream-vit-c","status":"publish","type":"product","link":"https:\/\/magiclear-me.com\/lb\/fr\/produit\/firming-night-cream-vit-c\/","title":{"rendered":"Cr\u00e8me R\u00e9g\u00e9n\u00e9rante Nuit &amp; Vit. C"},"content":{"rendered":"<p>R\u00e9sultats :<br \/>\nPuissant renouvellement cellulaire et effets anti-\u00e2ge. Aide la peau \u00e0 se remettre des dommages environnementaux quotidiens tout en \u00e9quilibrant son hydratation naturelle.<\/p>\n<p>Ingr\u00e9dients<\/p>\n<p>Acide octad\u00e9c\u00e8nedio\u00efque<br \/>\nVitamines B3 et C<br \/>\nGra\u00eene de raisins<br \/>\nExtrait de r\u00e9glisse<br \/>\nAllanto\u00efne<br \/>\nBisabolol<br \/>\nMode d'utilisation :<br \/>\nAppliquer le soir sur le visage pr\u00e9alablement nettoy\u00e9 et s\u00e9ch\u00e9. Pour un r\u00e9sultat optimal, appliquer apr\u00e8s le S\u00e9rum clarifiant \u00e0 action rapide. Le matin, utiliser la Cr\u00e8me de jour anti-\u00e2ge.<\/p>","protected":false},"excerpt":{"rendered":"<p class=\" translation-block\">MAGICLEAR - Cr\u00e8me R\u00e9g\u00e9n\u00e9rante Nuit nourrit, renforce et maintient le niveau d\u2019hydratation de la peau pendant La nuit.<\/p>","protected":false},"featured_media":14186,"comment_status":"open","ping_status":"closed","template":"","meta":{"_acf_changed":false,"_monsterinsights_skip_tracking":false,"_monsterinsights_sitenote_active":false,"_monsterinsights_sitenote_note":"","_monsterinsights_sitenote_category":0},"product_brand":[],"product_cat":[773,967],"product_tag":[582,583,585,586,584,566,1027,1037,1029,522,565,587,1024,563],"class_list":{"0":"post-14148","1":"product","2":"type-product","3":"status-publish","4":"has-post-thumbnail","6":"product_cat-anti-ageing","7":"product_cat-face-en","8":"product_tag-anti-age","9":"product_tag-anti-radicalaires","10":"product_tag-anti-rides","11":"product_tag-antioxydantes","12":"product_tag-antirides","13":"product_tag-clarifiant","14":"product_tag-creme-anti-rides-en","15":"product_tag-creme-de-nuit-en","16":"product_tag-creme-eclaircissante-en","17":"product_tag-creme-hydratante","18":"product_tag-magiclear","19":"product_tag-raffermissant","20":"product_tag-regeneration-cellulaire-en","21":"product_tag-renouvellement-cellulaire","23":"first","24":"instock","25":"shipping-taxable","26":"purchasable","27":"product-type-simple"},"acf":[],"_links":{"self":[{"href":"https:\/\/magiclear-me.com\/lb\/fr\/wp-json\/wp\/v2\/product\/14148","targetHints":{"allow":["GET"]}}],"collection":[{"href":"https:\/\/magiclear-me.com\/lb\/fr\/wp-json\/wp\/v2\/product"}],"about":[{"href":"https:\/\/magiclear-me.com\/lb\/fr\/wp-json\/wp\/v2\/types\/product"}],"replies":[{"embeddable":true,"href":"https:\/\/magiclear-me.com\/lb\/fr\/wp-json\/wp\/v2\/comments?post=14148"}],"wp:featuredmedia":[{"embeddable":true,"href":"https:\/\/magiclear-me.com\/lb\/fr\/wp-json\/wp\/v2\/media\/14186"}],"wp:attachment":[{"href":"https:\/\/magiclear-me.com\/lb\/fr\/wp-json\/wp\/v2\/media?parent=14148"}],"wp:term":[{"taxonomy":"product_brand","embeddable":true,"href":"https:\/\/magiclear-me.com\/lb\/fr\/wp-json\/wp\/v2\/product_brand?post=14148"},{"taxonomy":"product_cat","embeddable":true,"href":"https:\/\/magiclear-me.com\/lb\/fr\/wp-json\/wp\/v2\/product_cat?post=14148"},{"taxonomy":"product_tag","embeddable":true,"href":"https:\/\/magiclear-me.com\/lb\/fr\/wp-json\/wp\/v2\/product_tag?post=14148"}],"curies":[{"name":"wp","href":"https:\/\/api.w.org\/{rel}","templated":true}]}}