{"id":14147,"date":"2024-05-17T08:18:52","date_gmt":"2024-05-17T08:18:52","guid":{"rendered":"https:\/\/magiclear-me.com\/lb\/?post_type=product&#038;p=14147"},"modified":"2025-01-03T18:56:49","modified_gmt":"2025-01-03T18:56:49","slug":"anti-aging-day-cream-spf-15","status":"publish","type":"product","link":"https:\/\/magiclear-me.com\/lb\/fr\/produit\/anti-aging-day-cream-spf-15\/","title":{"rendered":"Cr\u00e8me de Jour Anti-Age SPF 15"},"content":{"rendered":"<p class=\" translation-block\">R\u00e9sultats\nGr\u00e2ce \u00e0 son complexe d'actifs sp\u00e9cifiquement d\u00e9velopp\u00e9, ce soin prot\u00e8ge la peau des rayons solaires nocifs, apporte une hydratation durable, am\u00e9liore et unifie le teint, r\u00e9g\u00e9n\u00e8re, combat les radicaux libres et stimule la synth\u00e8se du collag\u00e8ne.\nIngr\u00e9dients\n- Filtres UVA\/UVB\n- Acide hyaluronique\n- Acide hyaluronique\n- Vitamines B3, C et E\n- Th\u00e9 vert\n- Extraits de beurre de karit\u00e9\nMode d'emploi\nAppliquer matin et soir\nsur le visage parfaitement nettoy\u00e9 et s\u00e9ch\u00e9\nPour un r\u00e9sultat optimal, appliquer apr\u00e8s le S\u00e9rum Clarifiant Action Rapide, le soir, utiliser la Cr\u00e8me de Nuit Raffermissante.\"<\/p>","protected":false},"excerpt":{"rendered":"<p class=\" translation-block\">MAGICLEAR - Cr\u00e8me de jour anti-\u00e2ge SPF 15 r\u00e9pond aux besoins les plus exigeants de votre journ\u00e9e<\/p>","protected":false},"featured_media":14182,"comment_status":"open","ping_status":"closed","template":"","meta":{"_acf_changed":false,"_monsterinsights_skip_tracking":false,"_monsterinsights_sitenote_active":false,"_monsterinsights_sitenote_note":"","_monsterinsights_sitenote_category":0},"product_brand":[],"product_cat":[773,967],"product_tag":[582,583,585,586,584,566,1027,579,1029,565,1031,587,1024,563,1033,1035],"class_list":{"0":"post-14147","1":"product","2":"type-product","3":"status-publish","4":"has-post-thumbnail","6":"product_cat-anti-ageing","7":"product_cat-face-en","8":"product_tag-anti-age","9":"product_tag-anti-radicalaires","10":"product_tag-anti-rides","11":"product_tag-antioxydantes","12":"product_tag-antirides","13":"product_tag-clarifiant","14":"product_tag-creme-anti-rides-en","15":"product_tag-creme-de-jour","16":"product_tag-creme-eclaircissante-en","17":"product_tag-magiclear","18":"product_tag-protection-solaire-en","19":"product_tag-raffermissant","20":"product_tag-regeneration-cellulaire-en","21":"product_tag-renouvellement-cellulaire","22":"product_tag-uva-en","23":"product_tag-uvb-en","25":"first","26":"instock","27":"shipping-taxable","28":"purchasable","29":"product-type-simple"},"acf":[],"_links":{"self":[{"href":"https:\/\/magiclear-me.com\/lb\/fr\/wp-json\/wp\/v2\/product\/14147","targetHints":{"allow":["GET"]}}],"collection":[{"href":"https:\/\/magiclear-me.com\/lb\/fr\/wp-json\/wp\/v2\/product"}],"about":[{"href":"https:\/\/magiclear-me.com\/lb\/fr\/wp-json\/wp\/v2\/types\/product"}],"replies":[{"embeddable":true,"href":"https:\/\/magiclear-me.com\/lb\/fr\/wp-json\/wp\/v2\/comments?post=14147"}],"wp:featuredmedia":[{"embeddable":true,"href":"https:\/\/magiclear-me.com\/lb\/fr\/wp-json\/wp\/v2\/media\/14182"}],"wp:attachment":[{"href":"https:\/\/magiclear-me.com\/lb\/fr\/wp-json\/wp\/v2\/media?parent=14147"}],"wp:term":[{"taxonomy":"product_brand","embeddable":true,"href":"https:\/\/magiclear-me.com\/lb\/fr\/wp-json\/wp\/v2\/product_brand?post=14147"},{"taxonomy":"product_cat","embeddable":true,"href":"https:\/\/magiclear-me.com\/lb\/fr\/wp-json\/wp\/v2\/product_cat?post=14147"},{"taxonomy":"product_tag","embeddable":true,"href":"https:\/\/magiclear-me.com\/lb\/fr\/wp-json\/wp\/v2\/product_tag?post=14147"}],"curies":[{"name":"wp","href":"https:\/\/api.w.org\/{rel}","templated":true}]}}