{"id":14146,"date":"2024-05-17T08:18:52","date_gmt":"2024-05-17T08:18:52","guid":{"rendered":"https:\/\/magiclear-me.com\/lb\/?post_type=product&#038;p=14146"},"modified":"2024-07-29T12:10:55","modified_gmt":"2024-07-29T12:10:55","slug":"fast-action-clarifying-serum","status":"publish","type":"product","link":"https:\/\/magiclear-me.com\/lb\/fr\/produit\/fast-action-clarifying-serum\/","title":{"rendered":"S\u00e9rum Clarifiant Action Rapide"},"content":{"rendered":"<p>R\u00e9sultats :<br \/>\nHaute efficacit\u00e9: ce traitement complet et intensif procure un teint parfaitement unifi\u00e9 et \u00e9clairci. Grace \u00e0 sa double action anti-taches et anti- \u00e2ge, ce s\u00e9rum hautement concentr\u00e9 r\u00e9duit l'apparence des taches brunes et illumine progressivement la peau.<\/p>\n<p>Ingr\u00e9dients<br \/>\nIl contient des ingr\u00e9dients aux actions hydratantes, antioxydantes et purifiantes comme les vitamines B3 et C. La symbiose des ingr\u00e9dients aide \u00e0 retenir l'hydratation, pour une peau rajeunie et clarifi\u00e9e. Formul\u00e9 et fabriqu\u00e9 en Suisse avec des substances d'une rare puret\u00e9, ce s\u00e9rum contient \u00e9galement des extraits de th\u00e9 vert, de m\u00fbrier blanc et de r\u00e9glisse.<\/p>\n<p>Mode d'utilisation :<br \/>\nAppliquer matin et soir sur le visage parfaitement nettoy\u00e9 et s\u00e9ch\u00e9. Pour un traitement \u00e9claircissant, il est conseill\u00e9 d'utiliser les produits dans l'ordre suivant : Nettoyant Double Action, Lotion Tonique Anti-Taches, S\u00e9rum Clarifiant Action Rapide (en insistant sur les taches), Gel Clarifiant Action Rapide, Cr\u00e8me Clarifiante Action Rapide. Pour un traitement anti-\u00e2ge, il est conseill\u00e9 d'utiliser les produits dans l'ordre suivant : Dual Action Cleanser, Anti-Spot Tonic Lotion, Fast Action Clarifying Serum, Anti-Age Day Cream (matin), Anti-Age Night Cream (soir).<\/p>","protected":false},"excerpt":{"rendered":"<p class=\" translation-block\">MAGICLEAR - S\u00e9rum Clarifiant Action Rapide, le traitement complet et intensif pour un teint parfaitement unifi\u00e9 et \u00e9clairci.<\/p>","protected":false},"featured_media":14178,"comment_status":"open","ping_status":"closed","template":"","meta":{"_acf_changed":false,"_monsterinsights_skip_tracking":false,"_monsterinsights_sitenote_active":false,"_monsterinsights_sitenote_note":"","_monsterinsights_sitenote_category":0},"product_brand":[],"product_cat":[773,1005,967,756],"product_tag":[582,583,585,576,586,584,575,573,564,570,565,567,587,1024,563,574],"class_list":{"0":"post-14146","1":"product","2":"type-product","3":"status-publish","4":"has-post-thumbnail","6":"product_cat-anti-ageing","7":"product_cat-best-seller-2-en","8":"product_cat-face-en","9":"product_cat-lighten-and-regenerate","10":"product_tag-anti-age","11":"product_tag-anti-radicalaires","12":"product_tag-anti-rides","13":"product_tag-anti-spot","14":"product_tag-antioxydantes","15":"product_tag-antirides","16":"product_tag-antiseptique","17":"product_tag-blanchissant","18":"product_tag-eclaircissant","19":"product_tag-illuminer-les-teints-brouilles","20":"product_tag-magiclear","21":"product_tag-peaux-grasses","22":"product_tag-raffermissant","23":"product_tag-regeneration-cellulaire-en","24":"product_tag-renouvellement-cellulaire","25":"product_tag-taches-de-pigmentation","27":"first","28":"instock","29":"shipping-taxable","30":"purchasable","31":"product-type-simple"},"acf":[],"_links":{"self":[{"href":"https:\/\/magiclear-me.com\/lb\/fr\/wp-json\/wp\/v2\/product\/14146","targetHints":{"allow":["GET"]}}],"collection":[{"href":"https:\/\/magiclear-me.com\/lb\/fr\/wp-json\/wp\/v2\/product"}],"about":[{"href":"https:\/\/magiclear-me.com\/lb\/fr\/wp-json\/wp\/v2\/types\/product"}],"replies":[{"embeddable":true,"href":"https:\/\/magiclear-me.com\/lb\/fr\/wp-json\/wp\/v2\/comments?post=14146"}],"wp:featuredmedia":[{"embeddable":true,"href":"https:\/\/magiclear-me.com\/lb\/fr\/wp-json\/wp\/v2\/media\/14178"}],"wp:attachment":[{"href":"https:\/\/magiclear-me.com\/lb\/fr\/wp-json\/wp\/v2\/media?parent=14146"}],"wp:term":[{"taxonomy":"product_brand","embeddable":true,"href":"https:\/\/magiclear-me.com\/lb\/fr\/wp-json\/wp\/v2\/product_brand?post=14146"},{"taxonomy":"product_cat","embeddable":true,"href":"https:\/\/magiclear-me.com\/lb\/fr\/wp-json\/wp\/v2\/product_cat?post=14146"},{"taxonomy":"product_tag","embeddable":true,"href":"https:\/\/magiclear-me.com\/lb\/fr\/wp-json\/wp\/v2\/product_tag?post=14146"}],"curies":[{"name":"wp","href":"https:\/\/api.w.org\/{rel}","templated":true}]}}