{"id":14145,"date":"2024-05-17T08:18:51","date_gmt":"2024-05-17T08:18:51","guid":{"rendered":"https:\/\/magiclear-me.com\/lb\/?post_type=product&#038;p=14145"},"modified":"2026-04-08T08:40:59","modified_gmt":"2026-04-08T08:40:59","slug":"fast-action-clarifying-cream","status":"publish","type":"product","link":"https:\/\/magiclear-me.com\/lb\/fr\/produit\/fast-action-clarifying-cream\/","title":{"rendered":"Cr\u00e8me Clarifiante Action Rapide"},"content":{"rendered":"<p class=\" translation-block\">\u00c9claircissement multi-cellulaire progressif et \u00e0 long terme et uniformit\u00e9 de la peau.\u00a0\u00c9limination des cellules fortement pigment\u00e9es.\u00a0Acc\u00e9l\u00e9ration du renouvellement cellulaire.\u00a0Blocage des multiples sites r\u00e9cepteurs responsables de la formation de m\u00e9lanine.\u00a0R\u00e9duction des taches brunes sans irritation de la peau.<\/p>\n<p>Ingr\u00e9dients<\/p>\n<p>HPPA<br \/>\nAcide Glycyrrh\u00e9tinique<br \/>\nAcides octad\u00e9c\u00e8nedio\u00efque et salicylique<br \/>\nVitamines B3 et C<br \/>\nExtraits de th\u00e9 vert, de petit pois et de r\u00e9glisse<br \/>\nAllanto\u00efne<br \/>\nBisabolol<br \/>\nMode d'utilisation :<br \/>\nAppliquer matin et soir, ou seulement le matin, sur une peau nettoy\u00e9e et s\u00e9ch\u00e9e. Ordre conseill\u00e9 d'utilisation du produit : Nettoyant double action, Lotion tonique anti-taches, S\u00e9rum clarifiant \u00e0 action rapide, Gel clarifiant \u00e0 action rapide, Cr\u00e8me clarifiante \u00e0 action rapide (la cr\u00e8me agit en synergie avec le gel et le s\u00e9rum).<\/p>","protected":false},"excerpt":{"rendered":"<p class=\" translation-block\">La cr\u00e8me clarifiante MAGICLEAR Fast Action contient un complexe clarifiant unique, tr\u00e8s efficace et facilement absorb\u00e9 par la peau.<\/p>","protected":false},"featured_media":14174,"comment_status":"open","ping_status":"closed","template":"","meta":{"_acf_changed":false,"_monsterinsights_skip_tracking":false,"_monsterinsights_sitenote_active":false,"_monsterinsights_sitenote_note":"","_monsterinsights_sitenote_category":0},"product_brand":[],"product_cat":[773,1005,967,756],"product_tag":[569,576,577,575,573,580,579,564,570,565,567,563,574],"class_list":{"0":"post-14145","1":"product","2":"type-product","3":"status-publish","4":"has-post-thumbnail","6":"product_cat-anti-ageing","7":"product_cat-best-seller-2-en","8":"product_cat-face-en","9":"product_cat-lighten-and-regenerate","10":"product_tag-anti-inflammatoire","11":"product_tag-anti-spot","12":"product_tag-anti-tache","13":"product_tag-antiseptique","14":"product_tag-blanchissant","15":"product_tag-creme-clarifiante","16":"product_tag-creme-de-jour","17":"product_tag-eclaircissant","18":"product_tag-illuminer-les-teints-brouilles","19":"product_tag-magiclear","20":"product_tag-peaux-grasses","21":"product_tag-renouvellement-cellulaire","22":"product_tag-taches-de-pigmentation","24":"first","25":"instock","26":"shipping-taxable","27":"purchasable","28":"product-type-simple"},"acf":[],"_links":{"self":[{"href":"https:\/\/magiclear-me.com\/lb\/fr\/wp-json\/wp\/v2\/product\/14145","targetHints":{"allow":["GET"]}}],"collection":[{"href":"https:\/\/magiclear-me.com\/lb\/fr\/wp-json\/wp\/v2\/product"}],"about":[{"href":"https:\/\/magiclear-me.com\/lb\/fr\/wp-json\/wp\/v2\/types\/product"}],"replies":[{"embeddable":true,"href":"https:\/\/magiclear-me.com\/lb\/fr\/wp-json\/wp\/v2\/comments?post=14145"}],"wp:featuredmedia":[{"embeddable":true,"href":"https:\/\/magiclear-me.com\/lb\/fr\/wp-json\/wp\/v2\/media\/14174"}],"wp:attachment":[{"href":"https:\/\/magiclear-me.com\/lb\/fr\/wp-json\/wp\/v2\/media?parent=14145"}],"wp:term":[{"taxonomy":"product_brand","embeddable":true,"href":"https:\/\/magiclear-me.com\/lb\/fr\/wp-json\/wp\/v2\/product_brand?post=14145"},{"taxonomy":"product_cat","embeddable":true,"href":"https:\/\/magiclear-me.com\/lb\/fr\/wp-json\/wp\/v2\/product_cat?post=14145"},{"taxonomy":"product_tag","embeddable":true,"href":"https:\/\/magiclear-me.com\/lb\/fr\/wp-json\/wp\/v2\/product_tag?post=14145"}],"curies":[{"name":"wp","href":"https:\/\/api.w.org\/{rel}","templated":true}]}}