{"id":14144,"date":"2024-05-17T08:18:51","date_gmt":"2024-05-17T08:18:51","guid":{"rendered":"https:\/\/magiclear-me.com\/lb\/?post_type=product&#038;p=14144"},"modified":"2026-04-08T08:40:59","modified_gmt":"2026-04-08T08:40:59","slug":"fast-action-clarifying-gel","status":"publish","type":"product","link":"https:\/\/magiclear-me.com\/lb\/fr\/produit\/fast-action-clarifying-gel\/","title":{"rendered":"Gel Clarifiant Action Rapide"},"content":{"rendered":"<p>R\u00e9sultats :<br \/>\nEffets clarifiants et anti-inflammatoires imm\u00e9diats. R\u00e9duit la pigmentation de la peau. Hydrate et apaise la peau.\u00a0Lisse et \u00e9limine les taches brunes. Stimule le renouvellement des cellules saines non pigment\u00e9es.<\/p>\n<p>Ingr\u00e9dients<\/p>\n<p>HPPA<br \/>\nAcides glycyrrh\u00e9tinique et salicylique<br \/>\nVitamine B3<br \/>\nPomme<br \/>\nExtraits de r\u00e9glisse ainsi qu'un facteur hydratant naturel.<br \/>\nMode d'utilisation :<br \/>\nAppliquer matin et soir, ou seulement le soir, sur le visage nettoy\u00e9 et s\u00e9ch\u00e9. Ordre conseill\u00e9 d'utilisation du produit : Nettoyant double action, Lotion tonique anti-taches, S\u00e9rum clarifiant \u00e0 action rapide, Gel clarifiant \u00e0 action rapide, Cr\u00e8me clarifiante \u00e0 action rapide (le gel agit en synergie avec la cr\u00e8me et le s\u00e9rum).<\/p>","protected":false},"excerpt":{"rendered":"<p class=\" translation-block\">MAGIQUE - Le gel clarifiant \u00e0 action rapide \u00e9claircit et r\u00e9duit la pigmentation de la peau.<\/p>","protected":false},"featured_media":14170,"comment_status":"open","ping_status":"closed","template":"","meta":{"_acf_changed":false,"_monsterinsights_skip_tracking":false,"_monsterinsights_sitenote_active":false,"_monsterinsights_sitenote_note":"","_monsterinsights_sitenote_category":0},"product_brand":[],"product_cat":[969,989,967,756],"product_tag":[568,569,576,577,575,573,572,566,564,578,570,565,567,563,574],"class_list":{"0":"post-14144","1":"product","2":"type-product","3":"status-publish","4":"has-post-thumbnail","6":"product_cat-best-seller-en","7":"product_cat-clarify-and-mattify-en","8":"product_cat-face-en","9":"product_cat-lighten-and-regenerate","10":"product_tag-acne","11":"product_tag-anti-inflammatoire","12":"product_tag-anti-spot","13":"product_tag-anti-tache","14":"product_tag-antiseptique","15":"product_tag-blanchissant","16":"product_tag-cicatrisant","17":"product_tag-clarifiant","18":"product_tag-eclaircissant","19":"product_tag-hydratant","20":"product_tag-illuminer-les-teints-brouilles","21":"product_tag-magiclear","22":"product_tag-peaux-grasses","23":"product_tag-renouvellement-cellulaire","24":"product_tag-taches-de-pigmentation","26":"first","27":"instock","28":"shipping-taxable","29":"purchasable","30":"product-type-simple"},"acf":[],"_links":{"self":[{"href":"https:\/\/magiclear-me.com\/lb\/fr\/wp-json\/wp\/v2\/product\/14144","targetHints":{"allow":["GET"]}}],"collection":[{"href":"https:\/\/magiclear-me.com\/lb\/fr\/wp-json\/wp\/v2\/product"}],"about":[{"href":"https:\/\/magiclear-me.com\/lb\/fr\/wp-json\/wp\/v2\/types\/product"}],"replies":[{"embeddable":true,"href":"https:\/\/magiclear-me.com\/lb\/fr\/wp-json\/wp\/v2\/comments?post=14144"}],"wp:featuredmedia":[{"embeddable":true,"href":"https:\/\/magiclear-me.com\/lb\/fr\/wp-json\/wp\/v2\/media\/14170"}],"wp:attachment":[{"href":"https:\/\/magiclear-me.com\/lb\/fr\/wp-json\/wp\/v2\/media?parent=14144"}],"wp:term":[{"taxonomy":"product_brand","embeddable":true,"href":"https:\/\/magiclear-me.com\/lb\/fr\/wp-json\/wp\/v2\/product_brand?post=14144"},{"taxonomy":"product_cat","embeddable":true,"href":"https:\/\/magiclear-me.com\/lb\/fr\/wp-json\/wp\/v2\/product_cat?post=14144"},{"taxonomy":"product_tag","embeddable":true,"href":"https:\/\/magiclear-me.com\/lb\/fr\/wp-json\/wp\/v2\/product_tag?post=14144"}],"curies":[{"name":"wp","href":"https:\/\/api.w.org\/{rel}","templated":true}]}}