{"id":14143,"date":"2024-05-17T08:18:51","date_gmt":"2024-05-17T08:18:51","guid":{"rendered":"https:\/\/magiclear-me.com\/lb\/?post_type=product&#038;p=14143"},"modified":"2025-01-02T08:52:00","modified_gmt":"2025-01-02T08:52:00","slug":"dual-action-cleanser","status":"publish","type":"product","link":"https:\/\/magiclear-me.com\/lb\/fr\/produit\/dual-action-cleanser\/","title":{"rendered":"Nettoyant Action Double"},"content":{"rendered":"<p>R\u00e9sultats :<br \/>\nPurifie, nettoie et \u00e9limine les impuret\u00e9s. D\u00e9colle les cellules mortes et affine le grain de la peau. Pr\u00e9pare la peau \u00e0 recevoir les produits \u00e0 utiliser juste apr\u00e8s. Stimule la r\u00e9g\u00e9n\u00e9ration cellulaire et favorise l'oxyg\u00e9nation de la peau.<\/p>\n<p>Ingr\u00e9dients<\/p>\n<p>Poly\u00e9thyl\u00e8ne: exfoliant tr\u00e8s doux.<br \/>\nPolyquaternium-10: Has antimicrobial properties<br \/>\nLactic Acid: Alpha-hydroxy acid (AHA) taking part of skin\u2019s Natural Moisturizing Factor (NMF) and is found e.g., in yogurt.<br \/>\nMoisturizing and exfoliating, balances the pH, and stimulates cell renewal.<br \/>\nMode d'utilisation :<br \/>\nUtiliser matin et soir en appliquant une quantit\u00e9 g\u00e9n\u00e9reuse sur la peau mouill\u00e9e. Masser doucement avec des mouvements circulaires ascendants. Rincer \u00e0 l\u2019eau ti\u00e8de.<\/p>","protected":false},"excerpt":{"rendered":"<p>MAGICLEAR \u2013 Dual Action Cleanser is a 2<br \/>\nin 1 cleansing and exfoliating gel.<br \/>\nIt eliminates impurities, peels off dead cells,<br \/>\nand refines the grain of your skin.<\/p>","protected":false},"featured_media":14165,"comment_status":"closed","ping_status":"closed","template":"","meta":{"_acf_changed":false,"_monsterinsights_skip_tracking":false,"_monsterinsights_sitenote_active":false,"_monsterinsights_sitenote_note":"","_monsterinsights_sitenote_category":0},"product_brand":[],"product_cat":[969,740,967],"product_tag":[568,569,566,564,571,570,565,567,563],"class_list":{"0":"post-14143","1":"product","2":"type-product","3":"status-publish","4":"has-post-thumbnail","6":"product_cat-best-seller-en","7":"product_cat-cleanse-and-tonify","8":"product_cat-face-en","9":"product_tag-acne","10":"product_tag-anti-inflammatoire","11":"product_tag-clarifiant","12":"product_tag-eclaircissant","13":"product_tag-gel-moussant","14":"product_tag-illuminer-les-teints-brouilles","15":"product_tag-magiclear","16":"product_tag-peaux-grasses","17":"product_tag-renouvellement-cellulaire","19":"first","20":"instock","21":"shipping-taxable","22":"purchasable","23":"product-type-simple"},"acf":[],"_links":{"self":[{"href":"https:\/\/magiclear-me.com\/lb\/fr\/wp-json\/wp\/v2\/product\/14143","targetHints":{"allow":["GET"]}}],"collection":[{"href":"https:\/\/magiclear-me.com\/lb\/fr\/wp-json\/wp\/v2\/product"}],"about":[{"href":"https:\/\/magiclear-me.com\/lb\/fr\/wp-json\/wp\/v2\/types\/product"}],"replies":[{"embeddable":true,"href":"https:\/\/magiclear-me.com\/lb\/fr\/wp-json\/wp\/v2\/comments?post=14143"}],"wp:featuredmedia":[{"embeddable":true,"href":"https:\/\/magiclear-me.com\/lb\/fr\/wp-json\/wp\/v2\/media\/14165"}],"wp:attachment":[{"href":"https:\/\/magiclear-me.com\/lb\/fr\/wp-json\/wp\/v2\/media?parent=14143"}],"wp:term":[{"taxonomy":"product_brand","embeddable":true,"href":"https:\/\/magiclear-me.com\/lb\/fr\/wp-json\/wp\/v2\/product_brand?post=14143"},{"taxonomy":"product_cat","embeddable":true,"href":"https:\/\/magiclear-me.com\/lb\/fr\/wp-json\/wp\/v2\/product_cat?post=14143"},{"taxonomy":"product_tag","embeddable":true,"href":"https:\/\/magiclear-me.com\/lb\/fr\/wp-json\/wp\/v2\/product_tag?post=14143"}],"curies":[{"name":"wp","href":"https:\/\/api.w.org\/{rel}","templated":true}]}}