{"id":13962,"date":"2024-05-17T06:45:05","date_gmt":"2024-05-17T06:45:05","guid":{"rendered":"https:\/\/magiclear-me.com\/lb\/hands-2\/"},"modified":"2024-05-28T09:36:01","modified_gmt":"2024-05-28T09:36:01","slug":"hands","status":"publish","type":"page","link":"https:\/\/magiclear-me.com\/lb\/fr\/hands\/","title":{"rendered":"MAINS"},"content":{"rendered":"<div data-elementor-type=\"wp-page\" data-elementor-id=\"13962\" class=\"elementor elementor-13962\" data-elementor-post-type=\"page\">\n\t\t\t\t\t\t<section class=\"elementor-section elementor-top-section elementor-element elementor-element-104d2188 elementor-section-boxed elementor-section-height-default elementor-section-height-default\" data-id=\"104d2188\" data-element_type=\"section\" data-settings=\"{&quot;background_background&quot;:&quot;classic&quot;}\">\n\t\t\t\t\t\t\t<div class=\"elementor-background-overlay\"><\/div>\n\t\t\t\t\t\t\t<div class=\"elementor-container elementor-column-gap-default\">\n\t\t\t\t\t<div class=\"elementor-column elementor-col-100 elementor-top-column elementor-element elementor-element-2990099d\" data-id=\"2990099d\" data-element_type=\"column\">\n\t\t\t<div class=\"elementor-widget-wrap elementor-element-populated\">\n\t\t\t\t\t\t<section class=\"elementor-section elementor-inner-section elementor-element elementor-element-465ac408 elementor-section-boxed elementor-section-height-default elementor-section-height-default elementor-invisible\" data-id=\"465ac408\" data-element_type=\"section\" data-settings=\"{&quot;background_background&quot;:&quot;classic&quot;,&quot;animation&quot;:&quot;fadeIn&quot;,&quot;animation_delay&quot;:200}\">\n\t\t\t\t\t\t<div class=\"elementor-container elementor-column-gap-default\">\n\t\t\t\t\t<div class=\"elementor-column elementor-col-100 elementor-inner-column elementor-element elementor-element-2f1ef761\" data-id=\"2f1ef761\" data-element_type=\"column\">\n\t\t\t<div class=\"elementor-widget-wrap elementor-element-populated\">\n\t\t\t\t\t\t<div class=\"elementor-element elementor-element-16d62c90 elementor-widget elementor-widget-heading\" data-id=\"16d62c90\" data-element_type=\"widget\" data-widget_type=\"heading.default\">\n\t\t\t\t<div class=\"elementor-widget-container\">\n\t\t\t\t\t<h1 class=\"elementor-heading-title elementor-size-default\">MAINS<\/h1>\t\t\t\t<\/div>\n\t\t\t\t<\/div>\n\t\t\t\t<div class=\"elementor-element elementor-element-b6eb006 elementor-widget elementor-widget-text-editor\" data-id=\"b6eb006\" data-element_type=\"widget\" data-widget_type=\"text-editor.default\">\n\t\t\t\t<div class=\"elementor-widget-container\">\n\t\t\t\t\t\t\t\t\t<p>Vos indispensables pour l'hygi\u00e8ne et le confort<\/p>\t\t\t\t\t\t\t\t<\/div>\n\t\t\t\t<\/div>\n\t\t\t\t\t<\/div>\n\t\t<\/div>\n\t\t\t\t\t<\/div>\n\t\t<\/section>\n\t\t\t\t\t<\/div>\n\t\t<\/div>\n\t\t\t\t\t<\/div>\n\t\t<\/section>\n\t\t\t\t<section class=\"elementor-section elementor-top-section elementor-element elementor-element-e11510c elementor-section-boxed elementor-section-height-default elementor-section-height-default\" data-id=\"e11510c\" data-element_type=\"section\" data-settings=\"{&quot;background_background&quot;:&quot;classic&quot;}\">\n\t\t\t\t\t\t\t<div class=\"elementor-background-overlay\"><\/div>\n\t\t\t\t\t\t\t<div class=\"elementor-container elementor-column-gap-default\">\n\t\t\t\t\t<div class=\"elementor-column elementor-col-100 elementor-top-column elementor-element elementor-element-23ca478d\" data-id=\"23ca478d\" data-element_type=\"column\">\n\t\t\t<div class=\"elementor-widget-wrap elementor-element-populated\">\n\t\t\t\t\t\t<div class=\"elementor-element elementor-element-e59f916 elementor-product-loop-item--align-center elementor-grid-4 elementor-grid-tablet-3 elementor-grid-mobile-2 elementor-products-grid elementor-wc-products elementor-widget elementor-widget-woocommerce-products\" data-id=\"e59f916\" data-element_type=\"widget\" data-widget_type=\"woocommerce-products.default\">\n\t\t\t\t<div class=\"elementor-widget-container\">\n\t\t\t\t\t<div class=\"woocommerce columns-4\"><span class=\"wpfHidden\" data-shortcode-attribute=\"{&quot;limit&quot;:&quot;-1&quot;,&quot;columns&quot;:4,&quot;rows&quot;:4,&quot;orderby&quot;:&quot;&quot;,&quot;order&quot;:&quot;&quot;,&quot;ids&quot;:&quot;&quot;,&quot;skus&quot;:&quot;&quot;,&quot;category&quot;:&quot;&quot;,&quot;cat_operator&quot;:&quot;IN&quot;,&quot;attribute&quot;:&quot;&quot;,&quot;terms&quot;:&quot;&quot;,&quot;terms_operator&quot;:&quot;IN&quot;,&quot;tag&quot;:&quot;&quot;,&quot;tag_operator&quot;:&quot;IN&quot;,&quot;visibility&quot;:&quot;visible&quot;,&quot;class&quot;:&quot;&quot;,&quot;page&quot;:1,&quot;paginate&quot;:&quot;&quot;,&quot;cache&quot;:false}\"><\/span><ul class=\"products elementor-grid columns-4\">\n<li class=\"product type-product post-14156 status-publish first outofstock product_cat-hands-en has-post-thumbnail shipping-taxable purchasable product-type-simple\">\n\t<a href=\"https:\/\/magiclear-me.com\/lb\/fr\/produit\/bacticlean-spray\/\" class=\"woocommerce-LoopProduct-link woocommerce-loop-product__link\"><img fetchpriority=\"high\" decoding=\"async\" width=\"1200\" height=\"1200\" src=\"https:\/\/magiclear-me.com\/lb\/wp-content\/uploads\/2024\/05\/Bacti_Spray.jpg\" class=\"attachment-woocommerce_thumbnail size-woocommerce_thumbnail\" alt=\"Bacticlean Spray\" \/><h2 class=\"woocommerce-loop-product__title\">Bacticlean Spray D\u00e9sinfectant<\/h2><div class=\"star-rating\" role=\"img\" aria-label=\"Note 5.00 sur 5\" data-no-translation-aria-label=\"\"><span style=\"width:100%\" data-no-translation=\"\" data-trp-gettext=\"\">Note <strong class=\"rating\">5.00<\/strong> sur 5<\/span><\/div>\n\t<span class=\"price\"><span class=\"woocommerce-Price-amount amount\"><bdi><span class=\"woocommerce-Price-currencySymbol\">&#36;<\/span>&nbsp;11.00<\/bdi><\/span><\/span>\n<\/a><div class=\"woocommerce-loop-product__buttons\"><a href=\"https:\/\/magiclear-me.com\/lb\/fr\/produit\/bacticlean-spray\/\" aria-describedby=\"woocommerce_loop_add_to_cart_link_describedby_14156\" data-quantity=\"1\" class=\"button product_type_simple\" data-product_id=\"14156\" data-product_sku=\"1203\" aria-label=\"En savoir plus sur \u201cBacticlean Spray\u201d\" rel=\"nofollow\" data-success_message=\"\" data-no-translation=\"\" data-trp-gettext=\"\" data-no-translation-aria-label=\"\">Out of Stock<\/a><\/div>\t<span id=\"woocommerce_loop_add_to_cart_link_describedby_14156\" class=\"screen-reader-text\">\n\t\t\t<\/span>\n<\/li>\n<li class=\"product type-product post-14155 status-publish outofstock product_cat-best-seller-2-en product_cat-hands-en product_cat-spray-disinfectant-en has-post-thumbnail shipping-taxable purchasable product-type-simple\">\n\t<a href=\"https:\/\/magiclear-me.com\/lb\/fr\/produit\/bacticream\/\" class=\"woocommerce-LoopProduct-link woocommerce-loop-product__link\"><img decoding=\"async\" width=\"1200\" height=\"1200\" src=\"https:\/\/magiclear-me.com\/lb\/wp-content\/uploads\/2024\/05\/Hand_Cream-1.jpg\" class=\"attachment-woocommerce_thumbnail size-woocommerce_thumbnail\" alt=\"Bacticream\" \/><h2 class=\"woocommerce-loop-product__title\">Bacticream Cr\u00e8me<\/h2><div class=\"star-rating\" role=\"img\" aria-label=\"Note 5.00 sur 5\" data-no-translation-aria-label=\"\"><span style=\"width:100%\" data-no-translation=\"\" data-trp-gettext=\"\">Note <strong class=\"rating\">5.00<\/strong> sur 5<\/span><\/div>\n\t<span class=\"price\"><span class=\"woocommerce-Price-amount amount\"><bdi><span class=\"woocommerce-Price-currencySymbol\">&#36;<\/span>&nbsp;18.00<\/bdi><\/span><\/span>\n<\/a><div class=\"woocommerce-loop-product__buttons\"><a href=\"https:\/\/magiclear-me.com\/lb\/fr\/produit\/bacticream\/\" aria-describedby=\"woocommerce_loop_add_to_cart_link_describedby_14155\" data-quantity=\"1\" class=\"button product_type_simple\" data-product_id=\"14155\" data-product_sku=\"1205\" aria-label=\"En savoir plus sur \u201cBacticream\u201d\" rel=\"nofollow\" data-success_message=\"\" data-no-translation=\"\" data-trp-gettext=\"\" data-no-translation-aria-label=\"\">Out of Stock<\/a><\/div>\t<span id=\"woocommerce_loop_add_to_cart_link_describedby_14155\" class=\"screen-reader-text\">\n\t\t\t<\/span>\n<\/li>\n<li class=\"product type-product post-14154 status-publish outofstock product_cat-gel-disinfectant-en product_cat-hands-en has-post-thumbnail shipping-taxable purchasable product-type-simple\">\n\t<a href=\"https:\/\/magiclear-me.com\/lb\/fr\/produit\/bacticlean-gel\/\" class=\"woocommerce-LoopProduct-link woocommerce-loop-product__link\"><img decoding=\"async\" width=\"1200\" height=\"1200\" src=\"https:\/\/magiclear-me.com\/lb\/wp-content\/uploads\/2024\/05\/Gel_Desinfectant-1.jpg\" class=\"attachment-woocommerce_thumbnail size-woocommerce_thumbnail\" alt=\"Bacticlean Gel\" \/><h2 class=\"woocommerce-loop-product__title\">Bacticlean Gel<\/h2><div class=\"star-rating\" role=\"img\" aria-label=\"Note 5.00 sur 5\" data-no-translation-aria-label=\"\"><span style=\"width:100%\" data-no-translation=\"\" data-trp-gettext=\"\">Note <strong class=\"rating\">5.00<\/strong> sur 5<\/span><\/div>\n\t<span class=\"price\"><span class=\"woocommerce-Price-amount amount\"><bdi><span class=\"woocommerce-Price-currencySymbol\">&#36;<\/span>&nbsp;11.00<\/bdi><\/span><\/span>\n<\/a><div class=\"woocommerce-loop-product__buttons\"><a href=\"https:\/\/magiclear-me.com\/lb\/fr\/produit\/bacticlean-gel\/\" aria-describedby=\"woocommerce_loop_add_to_cart_link_describedby_14154\" data-quantity=\"1\" class=\"button product_type_simple\" data-product_id=\"14154\" data-product_sku=\"1204\" aria-label=\"En savoir plus sur \u201cBacticlean Gel\u201d\" rel=\"nofollow\" data-success_message=\"\" data-no-translation=\"\" data-trp-gettext=\"\" data-no-translation-aria-label=\"\">Out of Stock<\/a><\/div>\t<span id=\"woocommerce_loop_add_to_cart_link_describedby_14154\" class=\"screen-reader-text\">\n\t\t\t<\/span>\n<\/li>\n<\/ul>\n<\/div>\t\t\t\t<\/div>\n\t\t\t\t<\/div>\n\t\t\t\t\t<\/div>\n\t\t<\/div>\n\t\t\t\t\t<\/div>\n\t\t<\/section>\n\t\t\t\t<section class=\"elementor-section elementor-top-section elementor-element elementor-element-1bea182 elementor-section-boxed elementor-section-height-default elementor-section-height-default\" data-id=\"1bea182\" data-element_type=\"section\" data-settings=\"{&quot;background_background&quot;:&quot;classic&quot;}\">\n\t\t\t\t\t\t<div class=\"elementor-container elementor-column-gap-default\">\n\t\t\t\t\t<div class=\"elementor-column elementor-col-100 elementor-top-column elementor-element elementor-element-468a258c elementor-invisible\" data-id=\"468a258c\" data-element_type=\"column\" data-settings=\"{&quot;animation&quot;:&quot;fadeIn&quot;,&quot;animation_delay&quot;:200}\">\n\t\t\t<div class=\"elementor-widget-wrap elementor-element-populated\">\n\t\t\t\t\t\t<div class=\"elementor-element elementor-element-7c95867e elementor-widget elementor-widget-heading\" data-id=\"7c95867e\" data-element_type=\"widget\" data-widget_type=\"heading.default\">\n\t\t\t\t<div class=\"elementor-widget-container\">\n\t\t\t\t\t<h6 class=\"elementor-heading-title elementor-size-default\">Promo<\/h6>\t\t\t\t<\/div>\n\t\t\t\t<\/div>\n\t\t\t\t<div class=\"elementor-element elementor-element-110a9e0e elementor-widget elementor-widget-heading\" data-id=\"110a9e0e\" data-element_type=\"widget\" data-widget_type=\"heading.default\">\n\t\t\t\t<div class=\"elementor-widget-container\">\n\t\t\t\t\t<div class=\"elementor-heading-title elementor-size-default\">Meilleures offres<\/div>\t\t\t\t<\/div>\n\t\t\t\t<\/div>\n\t\t\t\t<div class=\"elementor-element elementor-element-4113ec4 elementor-product-loop-item--align-center elementor-grid-4 elementor-grid-tablet-3 elementor-grid-mobile-2 elementor-products-grid elementor-wc-products elementor-show-pagination-border-yes elementor-widget elementor-widget-woocommerce-products\" data-id=\"4113ec4\" data-element_type=\"widget\" data-widget_type=\"woocommerce-products.default\">\n\t\t\t\t<div class=\"elementor-widget-container\">\n\t\t\t\t\t<div class=\"woocommerce columns-4\"><span class=\"wpfHidden\" data-shortcode-attribute=\"{&quot;limit&quot;:&quot;-1&quot;,&quot;columns&quot;:4,&quot;rows&quot;:4,&quot;orderby&quot;:&quot;&quot;,&quot;order&quot;:&quot;&quot;,&quot;ids&quot;:&quot;&quot;,&quot;skus&quot;:&quot;&quot;,&quot;category&quot;:&quot;&quot;,&quot;cat_operator&quot;:&quot;IN&quot;,&quot;attribute&quot;:&quot;&quot;,&quot;terms&quot;:&quot;&quot;,&quot;terms_operator&quot;:&quot;IN&quot;,&quot;tag&quot;:&quot;&quot;,&quot;tag_operator&quot;:&quot;IN&quot;,&quot;visibility&quot;:&quot;visible&quot;,&quot;class&quot;:&quot;&quot;,&quot;page&quot;:1,&quot;paginate&quot;:&quot;yes&quot;,&quot;cache&quot;:false}\"><\/span><div class=\"woocommerce-notices-wrapper\"><\/div><form class=\"woocommerce-ordering\" method=\"get\" action=\"\">\n\t\t<select\n\t\tname=\"orderby\"\n\t\tclass=\"orderby\"\n\t\t\t\t\taria-label=\"Commande\" data-no-translation-aria-label=\"\"\n\t\t\t>\n\t\t\t\t\t<option value=\"popularity\" data-no-translation=\"\" data-trp-gettext=\"\" >Tri par popularit\u00e9<\/option>\n\t\t\t\t\t<option value=\"rating\"  selected='selected' data-no-translation=\"\" data-trp-gettext=\"\">Tri par notes moyennes<\/option>\n\t\t\t\t\t<option value=\"date\" data-no-translation=\"\" data-trp-gettext=\"\" >Tri du plus r\u00e9cent au plus ancien<\/option>\n\t\t\t\t\t<option value=\"price\" data-no-translation=\"\" data-trp-gettext=\"\" >Tri par tarif croissant<\/option>\n\t\t\t\t\t<option value=\"price-desc\" data-no-translation=\"\" data-trp-gettext=\"\" >Tri par tarif d\u00e9croissant<\/option>\n\t\t\t<\/select>\n\t<input type=\"hidden\" name=\"paged\" value=\"1\" \/>\n\t<input type=\"hidden\" name=\"trp-form-language\" value=\"fr\"\/><\/form>\n<ul class=\"products elementor-grid columns-4\">\n<li class=\"product type-product post-14164 status-publish first outofstock product_cat-offers-en has-post-thumbnail featured shipping-taxable purchasable product-type-simple\">\n\t<a href=\"https:\/\/magiclear-me.com\/lb\/fr\/produit\/duo-solar-invisible-tinted\/\" class=\"woocommerce-LoopProduct-link woocommerce-loop-product__link\"><img loading=\"lazy\" decoding=\"async\" width=\"1200\" height=\"1200\" src=\"https:\/\/magiclear-me.com\/lb\/wp-content\/uploads\/2024\/05\/Solar_Blue_Red.jpg\" class=\"attachment-woocommerce_thumbnail size-woocommerce_thumbnail\" alt=\"Duo Solar - Invisible + Tinted\" \/><h2 class=\"woocommerce-loop-product__title\">Duo Solaire - Invisible et tint\u00e9<\/h2>\n\t<span class=\"price\"><span class=\"woocommerce-Price-amount amount\"><bdi><span class=\"woocommerce-Price-currencySymbol\">&#36;<\/span>&nbsp;63.50<\/bdi><\/span><\/span>\n<\/a><div class=\"woocommerce-loop-product__buttons\"><a href=\"https:\/\/magiclear-me.com\/lb\/fr\/produit\/duo-solar-invisible-tinted\/\" aria-describedby=\"woocommerce_loop_add_to_cart_link_describedby_14164\" data-quantity=\"1\" class=\"button product_type_simple\" data-product_id=\"14164\" data-product_sku=\"\" aria-label=\"En savoir plus sur \u201cDuo Solar - Invisible + Tinted\u201d\" rel=\"nofollow\" data-success_message=\"\" data-no-translation=\"\" data-trp-gettext=\"\" data-no-translation-aria-label=\"\">Out of Stock<\/a><\/div>\t<span id=\"woocommerce_loop_add_to_cart_link_describedby_14164\" class=\"screen-reader-text\">\n\t\t\t<\/span>\n<\/li>\n<li class=\"product type-product post-14157 status-publish outofstock product_cat-offers-en has-post-thumbnail featured shipping-taxable purchasable product-type-simple\">\n\t<a href=\"https:\/\/magiclear-me.com\/lb\/fr\/produit\/duo-offer-gel-spray\/\" class=\"woocommerce-LoopProduct-link woocommerce-loop-product__link\"><img loading=\"lazy\" decoding=\"async\" width=\"1200\" height=\"1200\" src=\"https:\/\/magiclear-me.com\/lb\/wp-content\/uploads\/2024\/05\/Duo_Spray_Gel_Desinfectant-1.jpg\" class=\"attachment-woocommerce_thumbnail size-woocommerce_thumbnail\" alt=\"Duo Offer - Gel &amp; Spray\" \/><h2 class=\"woocommerce-loop-product__title\">Offre Duo - Gel &amp; Spray<\/h2><div class=\"star-rating\" role=\"img\" aria-label=\"Note 5.00 sur 5\" data-no-translation-aria-label=\"\"><span style=\"width:100%\" data-no-translation=\"\" data-trp-gettext=\"\">Note <strong class=\"rating\">5.00<\/strong> sur 5<\/span><\/div>\n\t<span class=\"price\"><span class=\"woocommerce-Price-amount amount\"><bdi><span class=\"woocommerce-Price-currencySymbol\">&#36;<\/span>&nbsp;18.00<\/bdi><\/span><\/span>\n<\/a><div class=\"woocommerce-loop-product__buttons\"><a href=\"https:\/\/magiclear-me.com\/lb\/fr\/produit\/duo-offer-gel-spray\/\" aria-describedby=\"woocommerce_loop_add_to_cart_link_describedby_14157\" data-quantity=\"1\" class=\"button product_type_simple\" data-product_id=\"14157\" data-product_sku=\"duo-offre-gel-spray\" aria-label=\"En savoir plus sur \u201cDuo Offer - Gel &amp; Spray\u201d\" rel=\"nofollow\" data-success_message=\"\" data-no-translation=\"\" data-trp-gettext=\"\" data-no-translation-aria-label=\"\">Out of Stock<\/a><\/div>\t<span id=\"woocommerce_loop_add_to_cart_link_describedby_14157\" class=\"screen-reader-text\">\n\t\t\t<\/span>\n<\/li>\n<li class=\"product type-product post-14160 status-publish instock product_cat-body-en product_cat-offers-en product_tag-acne product_tag-anti-inflammatoire product_tag-cicatrisant product_tag-clarifiant product_tag-eclaircissant product_tag-illuminer-les-teints-brouilles product_tag-magiclear product_tag-peaux-grasses product_tag-renouvellement-cellulaire has-post-thumbnail featured shipping-taxable purchasable product-type-simple\">\n\t<a href=\"https:\/\/magiclear-me.com\/lb\/fr\/produit\/duo-body-soap-body-lotion\/\" class=\"woocommerce-LoopProduct-link woocommerce-loop-product__link\"><img loading=\"lazy\" decoding=\"async\" width=\"1200\" height=\"1200\" src=\"https:\/\/magiclear-me.com\/lb\/wp-content\/uploads\/2024\/05\/Duo_Cream_Soap-1.jpg\" class=\"attachment-woocommerce_thumbnail size-woocommerce_thumbnail\" alt=\"DUO BODY - Soap + Body Lotion\" \/><h2 class=\"woocommerce-loop-product__title\">DUO CORPS \u2013 Savon + Lotion Corporelle<\/h2><div class=\"star-rating\" role=\"img\" aria-label=\"En savoir plus sur \u201cBacticlean Spray\u201d\"0 data-no-translation-aria-label=\"\"><span style=\"width:100%\" data-no-translation=\"\" data-trp-gettext=\"\">Note <strong class=\"rating\">5.00<\/strong> sur 5<\/span><\/div>\n\t<span class=\"price\"><span class=\"woocommerce-Price-amount amount\"><bdi><span class=\"woocommerce-Price-currencySymbol\">&#36;<\/span>&nbsp;55.00<\/bdi><\/span><\/span>\n<\/a><div class=\"woocommerce-loop-product__buttons\"><a href=\"\/lb\/fr\/wp-json\/wp\/v2\/pages\/13962?add-to-cart=14160\" aria-describedby=\"woocommerce_loop_add_to_cart_link_describedby_14160\" data-quantity=\"1\" class=\"button product_type_simple add_to_cart_button ajax_add_to_cart\" data-product_id=\"14160\" data-product_sku=\"1202-1\" aria-label=\"En savoir plus sur \u201cBacticlean Spray\u201d\"1 rel=\"nofollow\" data-success_message=\"\u00ab\u00a0DUO BODY - Soap + Body Lotion\u00a0\u00bb a \u00e9t\u00e9 ajout\u00e9 \u00e0 votre panier\" data-no-translation=\"\" data-trp-gettext=\"\" data-no-translation-aria-label=\"\" data-no-translation-data-success_message=\"\">Ajouter au panier<\/a><\/div>\t<span id=\"woocommerce_loop_add_to_cart_link_describedby_14160\" class=\"screen-reader-text\">\n\t\t\t<\/span>\n<\/li>\n<li class=\"product type-product post-14162 status-publish last outofstock product_cat-anti-ageing product_cat-face-en product_cat-offers-en product_tag-anti-age product_tag-anti-radicalaires product_tag-anti-rides product_tag-antioxydantes product_tag-antirides product_tag-clarifiant product_tag-creme-anti-rides-en product_tag-creme-de-nuit-en product_tag-creme-eclaircissante-en product_tag-creme-hydratante product_tag-magiclear product_tag-raffermissant product_tag-regeneration-cellulaire-en product_tag-renouvellement-cellulaire has-post-thumbnail featured shipping-taxable purchasable product-type-simple\">\n\t<a href=\"https:\/\/magiclear-me.com\/lb\/fr\/produit\/duo-day-and-night-creams\/\" class=\"woocommerce-LoopProduct-link woocommerce-loop-product__link\"><img loading=\"lazy\" decoding=\"async\" width=\"1200\" height=\"1200\" src=\"https:\/\/magiclear-me.com\/lb\/wp-content\/uploads\/2024\/05\/Duo_Day_Night_Cream.jpg\" class=\"attachment-woocommerce_thumbnail size-woocommerce_thumbnail\" alt=\"DUO - Day and Night Creams\" \/><h2 class=\"woocommerce-loop-product__title\">DUO \u2013 Cr\u00e8mes Jour et Nuit<\/h2><div class=\"star-rating\" role=\"img\" aria-label=\"En savoir plus sur \u201cBacticlean Spray\u201d\"2 data-no-translation-aria-label=\"\"><span style=\"width:100%\" data-no-translation=\"\" data-trp-gettext=\"\">Note <strong class=\"rating\">5.00<\/strong> sur 5<\/span><\/div>\n\t<span class=\"price\"><span class=\"woocommerce-Price-amount amount\"><bdi><span class=\"woocommerce-Price-currencySymbol\">&#36;<\/span>&nbsp;67.00<\/bdi><\/span><\/span>\n<\/a><div class=\"woocommerce-loop-product__buttons\"><a href=\"https:\/\/magiclear-me.com\/lb\/fr\/produit\/duo-day-and-night-creams\/\" aria-describedby=\"woocommerce_loop_add_to_cart_link_describedby_14162\" data-quantity=\"1\" class=\"button product_type_simple\" data-product_id=\"14162\" data-product_sku=\"1164-1\" aria-label=\"En savoir plus sur \u201cBacticlean Spray\u201d\"3 rel=\"nofollow\" data-success_message=\"\" data-no-translation=\"\" data-trp-gettext=\"\" data-no-translation-aria-label=\"\">Out of Stock<\/a><\/div>\t<span id=\"woocommerce_loop_add_to_cart_link_describedby_14162\" class=\"screen-reader-text\">\n\t\t\t<\/span>\n<\/li>\n<\/ul>\n<\/div>\t\t\t\t<\/div>\n\t\t\t\t<\/div>\n\t\t\t\t\t<\/div>\n\t\t<\/div>\n\t\t\t\t\t<\/div>\n\t\t<\/section>\n\t\t\t\t<\/div>","protected":false},"excerpt":{"rendered":"<p>Your Essentials for Hygiene and Comfort Promo Best offers<\/p>","protected":false},"author":519,"featured_media":0,"parent":0,"menu_order":0,"comment_status":"closed","ping_status":"closed","template":"","meta":{"_acf_changed":false,"_monsterinsights_skip_tracking":false,"_monsterinsights_sitenote_active":false,"_monsterinsights_sitenote_note":"","_monsterinsights_sitenote_category":0,"footnotes":""},"class_list":["post-13962","page","type-page","status-publish","hentry"],"acf":[],"_links":{"self":[{"href":"https:\/\/magiclear-me.com\/lb\/fr\/wp-json\/wp\/v2\/pages\/13962","targetHints":{"allow":["GET"]}}],"collection":[{"href":"https:\/\/magiclear-me.com\/lb\/fr\/wp-json\/wp\/v2\/pages"}],"about":[{"href":"https:\/\/magiclear-me.com\/lb\/fr\/wp-json\/wp\/v2\/types\/page"}],"author":[{"embeddable":true,"href":"https:\/\/magiclear-me.com\/lb\/fr\/wp-json\/wp\/v2\/users\/519"}],"replies":[{"embeddable":true,"href":"https:\/\/magiclear-me.com\/lb\/fr\/wp-json\/wp\/v2\/comments?post=13962"}],"version-history":[{"count":28,"href":"https:\/\/magiclear-me.com\/lb\/fr\/wp-json\/wp\/v2\/pages\/13962\/revisions"}],"predecessor-version":[{"id":14897,"href":"https:\/\/magiclear-me.com\/lb\/fr\/wp-json\/wp\/v2\/pages\/13962\/revisions\/14897"}],"wp:attachment":[{"href":"https:\/\/magiclear-me.com\/lb\/fr\/wp-json\/wp\/v2\/media?parent=13962"}],"curies":[{"name":"wp","href":"https:\/\/api.w.org\/{rel}","templated":true}]}}